{"id":5396,"date":"2024-02-06T10:02:49","date_gmt":"2024-02-06T08:02:49","guid":{"rendered":"https:\/\/atlantiamedia.es\/international\/"},"modified":"2024-02-06T12:11:54","modified_gmt":"2024-02-06T10:11:54","slug":"international","status":"publish","type":"page","link":"https:\/\/atlantiamedia.es\/en\/international\/","title":{"rendered":"International"},"content":{"rendered":"<p>[vc_row full_width=&#8221;stretch_row_content_no_spaces&#8221; css=&#8221;.vc_custom_1595346440652{background-color: #ededed !important;}&#8221;][vc_column][vc_empty_space height=&#8221;300px&#8221; css=&#8221;.vc_custom_1707206719468{background-color: #f2f2f2 !important;}&#8221;][\/vc_column][\/vc_row][vc_row full_width=&#8221;stretch_row_content&#8221; content_placement=&#8221;middle&#8221; css=&#8221;.vc_custom_1597147441243{margin-top: -200px !important;padding-top: 50px !important;padding-bottom: 50px !important;}&#8221;][vc_column width=&#8221;1\/12&#8243;][\/vc_column][vc_column width=&#8221;5\/12&#8243; css=&#8221;.vc_custom_1597147574359{padding-right: 80px !important;}&#8221;][vc_custom_heading text=&#8221;International&#8221; font_container=&#8221;tag:h1|font_size:60px|text_align:center|color:%232f326c&#8221; google_fonts=&#8221;font_family:Playfair%20Display%3Aregular%2Citalic%2C700%2C700italic%2C900%2C900italic|font_style:700%20bold%20regular%3A700%3Anormal&#8221; custom_style=&#8221;&#8221; css=&#8221;.vc_custom_1707206506385{margin-top: -10px !important;}&#8221;][vc_empty_space height=&#8221;40px&#8221;][vc_empty_space height=&#8221;60px&#8221;][vc_column_text]<strong>Atlantia Media together with <a href=\"https:\/\/www.alcalaproducciones.com\/\" target=\"_blank\" rel=\"noopener\">Alcal\u00e1 Producciones<\/a> we created Atlantia Media International, an area led by international producer Jos\u00e9 Mar\u00eda Gonz\u00e1lez-Sinde.<\/strong><\/p>\n<p><strong>Dedicated to offering production services for the development of international productions and co-productions with foreign countries.<\/strong><\/p>\n<p><strong>SERVICES:<\/strong><\/p>\n<ul>\n<li><strong>Project development<\/strong><\/li>\n<\/ul>\n<p>Script research, concept development, financing search and initial planning.<\/p>\n<ul>\n<li><strong>Preproduction<\/strong><\/li>\n<\/ul>\n<p>Hiring of key personnel, selection of locations, costume and set design, schedule and budget planning.<\/p>\n<ul>\n<li><strong>Production<\/strong><\/li>\n<\/ul>\n<p>Coordination and execution of shoots, management of technical teams and actors, supervision of production design and problem solving on set.<\/p>\n<ul>\n<li><strong>Postproduction<\/strong><\/li>\n<\/ul>\n<p>Film editing, visual effects, sound design, audio mixing and any other process necessary to finalize the film.<\/p>\n<ul>\n<li><strong>Distribution<\/strong><\/li>\n<\/ul>\n<p>Planning and execution of distribution strategies, negotiation of agreements with distributors and promotion of the film.<\/p>\n<ul>\n<li><strong>Financing and legal services<\/strong><\/li>\n<\/ul>\n<p>Contract management, tax compliance and coordination of available financing and tax incentives.<\/p>\n<ul>\n<li><strong>Catering and logistics<\/strong><\/li>\n<\/ul>\n<p>Coordination of catering services for the team, transportation and lodging management.<\/p>\n<p><strong><em>Our goal is to continue reflecting an ever-changing society through high quality content both in the new audiovisual environment and in the future.<\/em><\/strong>[\/vc_column_text][vc_empty_space height=&#8221;40px&#8221;][\/vc_column][vc_column width=&#8221;5\/12&#8243; css=&#8221;.vc_custom_1596621828721{padding-left: 20px !important;}&#8221;][vc_single_image image=&#8221;5394&#8243; img_size=&#8221;full&#8221; alignment=&#8221;right&#8221;][\/vc_column][vc_column width=&#8221;1\/12&#8243;][\/vc_column][\/vc_row][vc_row css=&#8221;.vc_custom_1595609125044{background-color: #f2f2f2 !important;}&#8221;][vc_column][vc_empty_space height=&#8221;100px&#8221;][vc_btn title=&#8221;Send me a message&#8221; style=&#8221;outline-custom&#8221; outline_custom_color=&#8221;#858585&#8243; outline_custom_hover_background=&#8221;&#8221; outline_custom_hover_text=&#8221;#858585&#8243; shape=&#8221;square&#8221; align=&#8221;center&#8221; i_align=&#8221;right&#8221; i_icon_fontawesome=&#8221;fa fa-paper-plane&#8221; add_icon=&#8221;true&#8221; link=&#8221;url:http%3A%2F%2Fatlantiamedia.es%2Fcontacto%2F|title:Contact|&#8221; el_class=&#8221;icon_send&#8221;][vc_empty_space height=&#8221;20px&#8221;][vc_custom_heading text=&#8221;Spectators are our passion. Creation is our core.&#8221; font_container=&#8221;tag:h2|font_size:25px|text_align:center|color:%23000000&#8243; google_fonts=&#8221;font_family:Playfair%20Display%3Aregular%2Citalic%2C700%2C700italic%2C900%2C900italic|font_style:700%20bold%20italic%3A700%3Aitalic&#8221; custom_style=&#8221;&#8221;][vc_empty_space height=&#8221;60px&#8221;][\/vc_column][\/vc_row]<\/p>\n","protected":false},"excerpt":{"rendered":"<p>[vc_row full_width=&#8221;stretch_row_content_no_spaces&#8221; css=&#8221;.vc_custom_1595346440652{background-color: #ededed !important;}&#8221;][vc_column][vc_empty_space height=&#8221;300px&#8221; css=&#8221;.vc_custom_1707206719468{background-color: #f2f2f2 !important;}&#8221;][\/vc_column][\/vc_row][vc_row full_width=&#8221;stretch_row_content&#8221; content_placement=&#8221;middle&#8221; css=&#8221;.vc_custom_1597147441243{margin-top: -200px !important;padding-top: 50px !important;padding-bottom: 50px !important;}&#8221;][vc_column width=&#8221;1\/12&#8243;][\/vc_column][vc_column width=&#8221;5\/12&#8243; css=&#8221;.vc_custom_1597147574359{padding-right: 80px !important;}&#8221;][vc_custom_heading text=&#8221;International&#8221; font_container=&#8221;tag:h1|font_size:60px|text_align:center|color:%232f326c&#8221; google_fonts=&#8221;font_family:Playfair%20Display%3Aregular%2Citalic%2C700%2C700italic%2C900%2C900italic|font_style:700%20bold%20regular%3A700%3Anormal&#8221; custom_style=&#8221;&#8221; css=&#8221;.vc_custom_1707206506385{margin-top: -10px !important;}&#8221;][vc_empty_space height=&#8221;40px&#8221;][vc_empty_space height=&#8221;60px&#8221;][vc_column_text]Atlantia Media together with Alcal\u00e1 Producciones we created Atlantia Media International, an area led by international producer Jos\u00e9 Mar\u00eda Gonz\u00e1lez-Sinde. Dedicated to offering production&#8230; <\/p>\n<div class=\"read-more\"><a href=\"https:\/\/atlantiamedia.es\/en\/international\/\" class=\"read-more-link\">Continue<\/a><span class=\"ion-ios-arrow-thin-right read-more-icon\"><\/span><\/div>\n","protected":false},"author":4,"featured_media":0,"parent":0,"menu_order":0,"comment_status":"closed","ping_status":"closed","template":"","meta":{"footnotes":""},"yoast_head":"<!-- This site is optimized with the Yoast SEO plugin v21.9 - https:\/\/yoast.com\/wordpress\/plugins\/seo\/ -->\n<title>International | Atlantia Media<\/title>\n<meta name=\"description\" content=\"Formed by a team of media professionals with proven ability to adapt to any type of audiovisual production.\" \/>\n<meta name=\"robots\" content=\"index, follow, max-snippet:-1, max-image-preview:large, max-video-preview:-1\" \/>\n<link rel=\"canonical\" href=\"https:\/\/atlantiamedia.es\/en\/international\/\" \/>\n<meta property=\"og:locale\" content=\"en_US\" \/>\n<meta property=\"og:type\" content=\"article\" \/>\n<meta property=\"og:title\" content=\"International | Atlantia Media\" \/>\n<meta property=\"og:description\" content=\"Formed by a team of media professionals with proven ability to adapt to any type of audiovisual production.\" \/>\n<meta property=\"og:url\" content=\"https:\/\/atlantiamedia.es\/en\/international\/\" \/>\n<meta property=\"og:site_name\" content=\"Atlantia Media\" \/>\n<meta property=\"article:publisher\" content=\"https:\/\/www.facebook.com\/atlantiaproducciones\/\" \/>\n<meta property=\"article:modified_time\" content=\"2024-02-06T10:11:54+00:00\" \/>\n<meta name=\"twitter:card\" content=\"summary_large_image\" \/>\n<meta name=\"twitter:site\" content=\"@atlantia_media\" \/>\n<meta name=\"twitter:label1\" content=\"Est. reading time\" \/>\n\t<meta name=\"twitter:data1\" content=\"2 minutes\" \/>\n<script type=\"application\/ld+json\" class=\"yoast-schema-graph\">{\"@context\":\"https:\/\/schema.org\",\"@graph\":[{\"@type\":\"WebPage\",\"@id\":\"https:\/\/atlantiamedia.es\/en\/international\/\",\"url\":\"https:\/\/atlantiamedia.es\/en\/international\/\",\"name\":\"International | Atlantia Media\",\"isPartOf\":{\"@id\":\"https:\/\/atlantiamedia.es\/en\/#website\"},\"datePublished\":\"2024-02-06T08:02:49+00:00\",\"dateModified\":\"2024-02-06T10:11:54+00:00\",\"description\":\"Formed by a team of media professionals with proven ability to adapt to any type of audiovisual production.\",\"breadcrumb\":{\"@id\":\"https:\/\/atlantiamedia.es\/en\/international\/#breadcrumb\"},\"inLanguage\":\"en-US\",\"potentialAction\":[{\"@type\":\"ReadAction\",\"target\":[\"https:\/\/atlantiamedia.es\/en\/international\/\"]}]},{\"@type\":\"BreadcrumbList\",\"@id\":\"https:\/\/atlantiamedia.es\/en\/international\/#breadcrumb\",\"itemListElement\":[{\"@type\":\"ListItem\",\"position\":1,\"name\":\"Portada\",\"item\":\"https:\/\/atlantiamedia.es\/en\/home\/\"},{\"@type\":\"ListItem\",\"position\":2,\"name\":\"International\"}]},{\"@type\":\"WebSite\",\"@id\":\"https:\/\/atlantiamedia.es\/en\/#website\",\"url\":\"https:\/\/atlantiamedia.es\/en\/\",\"name\":\"Atlantia Media\",\"description\":\"Producciones Audiovisuales\",\"publisher\":{\"@id\":\"https:\/\/atlantiamedia.es\/en\/#organization\"},\"potentialAction\":[{\"@type\":\"SearchAction\",\"target\":{\"@type\":\"EntryPoint\",\"urlTemplate\":\"https:\/\/atlantiamedia.es\/en\/?s={search_term_string}\"},\"query-input\":\"required name=search_term_string\"}],\"inLanguage\":\"en-US\"},{\"@type\":\"Organization\",\"@id\":\"https:\/\/atlantiamedia.es\/en\/#organization\",\"name\":\"ATLATIA MEDIA\",\"url\":\"https:\/\/atlantiamedia.es\/en\/\",\"logo\":{\"@type\":\"ImageObject\",\"inLanguage\":\"en-US\",\"@id\":\"https:\/\/atlantiamedia.es\/en\/#\/schema\/logo\/image\/\",\"url\":\"https:\/\/atlantiamedia.es\/wp-content\/uploads\/2020\/10\/ATLANTIA-LOGO.jpg\",\"contentUrl\":\"https:\/\/atlantiamedia.es\/wp-content\/uploads\/2020\/10\/ATLANTIA-LOGO.jpg\",\"width\":800,\"height\":335,\"caption\":\"ATLATIA MEDIA\"},\"image\":{\"@id\":\"https:\/\/atlantiamedia.es\/en\/#\/schema\/logo\/image\/\"},\"sameAs\":[\"https:\/\/www.facebook.com\/atlantiaproducciones\/\",\"https:\/\/twitter.com\/atlantia_media\",\"https:\/\/www.instagram.com\/atlantia_media\/?hl=es\",\"https:\/\/www.linkedin.com\/company\/atlantia-producciones\/\",\"https:\/\/www.youtube.com\/channel\/UCUc9KZiHV0-HVfwR9z5xkig\"]}]}<\/script>\n<!-- \/ Yoast SEO plugin. -->","yoast_head_json":{"title":"International | Atlantia Media","description":"Formed by a team of media professionals with proven ability to adapt to any type of audiovisual production.","robots":{"index":"index","follow":"follow","max-snippet":"max-snippet:-1","max-image-preview":"max-image-preview:large","max-video-preview":"max-video-preview:-1"},"canonical":"https:\/\/atlantiamedia.es\/en\/international\/","og_locale":"en_US","og_type":"article","og_title":"International | Atlantia Media","og_description":"Formed by a team of media professionals with proven ability to adapt to any type of audiovisual production.","og_url":"https:\/\/atlantiamedia.es\/en\/international\/","og_site_name":"Atlantia Media","article_publisher":"https:\/\/www.facebook.com\/atlantiaproducciones\/","article_modified_time":"2024-02-06T10:11:54+00:00","twitter_card":"summary_large_image","twitter_site":"@atlantia_media","twitter_misc":{"Est. reading time":"2 minutes"},"schema":{"@context":"https:\/\/schema.org","@graph":[{"@type":"WebPage","@id":"https:\/\/atlantiamedia.es\/en\/international\/","url":"https:\/\/atlantiamedia.es\/en\/international\/","name":"International | Atlantia Media","isPartOf":{"@id":"https:\/\/atlantiamedia.es\/en\/#website"},"datePublished":"2024-02-06T08:02:49+00:00","dateModified":"2024-02-06T10:11:54+00:00","description":"Formed by a team of media professionals with proven ability to adapt to any type of audiovisual production.","breadcrumb":{"@id":"https:\/\/atlantiamedia.es\/en\/international\/#breadcrumb"},"inLanguage":"en-US","potentialAction":[{"@type":"ReadAction","target":["https:\/\/atlantiamedia.es\/en\/international\/"]}]},{"@type":"BreadcrumbList","@id":"https:\/\/atlantiamedia.es\/en\/international\/#breadcrumb","itemListElement":[{"@type":"ListItem","position":1,"name":"Portada","item":"https:\/\/atlantiamedia.es\/en\/home\/"},{"@type":"ListItem","position":2,"name":"International"}]},{"@type":"WebSite","@id":"https:\/\/atlantiamedia.es\/en\/#website","url":"https:\/\/atlantiamedia.es\/en\/","name":"Atlantia Media","description":"Producciones Audiovisuales","publisher":{"@id":"https:\/\/atlantiamedia.es\/en\/#organization"},"potentialAction":[{"@type":"SearchAction","target":{"@type":"EntryPoint","urlTemplate":"https:\/\/atlantiamedia.es\/en\/?s={search_term_string}"},"query-input":"required name=search_term_string"}],"inLanguage":"en-US"},{"@type":"Organization","@id":"https:\/\/atlantiamedia.es\/en\/#organization","name":"ATLATIA MEDIA","url":"https:\/\/atlantiamedia.es\/en\/","logo":{"@type":"ImageObject","inLanguage":"en-US","@id":"https:\/\/atlantiamedia.es\/en\/#\/schema\/logo\/image\/","url":"https:\/\/atlantiamedia.es\/wp-content\/uploads\/2020\/10\/ATLANTIA-LOGO.jpg","contentUrl":"https:\/\/atlantiamedia.es\/wp-content\/uploads\/2020\/10\/ATLANTIA-LOGO.jpg","width":800,"height":335,"caption":"ATLATIA MEDIA"},"image":{"@id":"https:\/\/atlantiamedia.es\/en\/#\/schema\/logo\/image\/"},"sameAs":["https:\/\/www.facebook.com\/atlantiaproducciones\/","https:\/\/twitter.com\/atlantia_media","https:\/\/www.instagram.com\/atlantia_media\/?hl=es","https:\/\/www.linkedin.com\/company\/atlantia-producciones\/","https:\/\/www.youtube.com\/channel\/UCUc9KZiHV0-HVfwR9z5xkig"]}]}},"_links":{"self":[{"href":"https:\/\/atlantiamedia.es\/en\/wp-json\/wp\/v2\/page\/5396"}],"collection":[{"href":"https:\/\/atlantiamedia.es\/en\/wp-json\/wp\/v2\/page"}],"about":[{"href":"https:\/\/atlantiamedia.es\/en\/wp-json\/wp\/v2\/types\/page"}],"author":[{"embeddable":true,"href":"https:\/\/atlantiamedia.es\/en\/wp-json\/wp\/v2\/users\/4"}],"replies":[{"embeddable":true,"href":"https:\/\/atlantiamedia.es\/en\/wp-json\/wp\/v2\/comments?post=5396"}],"version-history":[{"count":38,"href":"https:\/\/atlantiamedia.es\/en\/wp-json\/wp\/v2\/page\/5396\/revisions"}],"predecessor-version":[{"id":5440,"href":"https:\/\/atlantiamedia.es\/en\/wp-json\/wp\/v2\/page\/5396\/revisions\/5440"}],"wp:attachment":[{"href":"https:\/\/atlantiamedia.es\/en\/wp-json\/wp\/v2\/media?parent=5396"}],"curies":[{"name":"wp","href":"https:\/\/api.w.org\/{rel}","templated":true}]}}